{"id":3392,"date":"2022-12-20T02:22:39","date_gmt":"2022-12-20T02:22:39","guid":{"rendered":"https:\/\/asp-team.com\/contact-us-2\/"},"modified":"2023-08-15T08:46:28","modified_gmt":"2023-08-15T08:46:28","slug":"contact-us-ar","status":"publish","type":"page","link":"https:\/\/asp-team.com\/ar\/contact-us-ar\/","title":{"rendered":"contact-us ar"},"content":{"rendered":"\t\t<div data-elementor-type=\"wp-page\" data-elementor-id=\"3392\" class=\"elementor elementor-3392 elementor-798\" data-elementor-post-type=\"page\">\n\t\t\t\t\t\t<section class=\"elementor-section elementor-top-section elementor-element elementor-element-8b8182f elementor-section-boxed elementor-section-height-default elementor-section-height-default\" data-id=\"8b8182f\" data-element_type=\"section\" data-e-type=\"section\" data-settings=\"{&quot;background_background&quot;:&quot;classic&quot;}\">\n\t\t\t\t\t\t\t<div class=\"elementor-background-overlay\"><\/div>\n\t\t\t\t\t\t\t<div class=\"elementor-container elementor-column-gap-default\">\n\t\t\t\t\t<div class=\"elementor-column elementor-col-50 elementor-top-column elementor-element elementor-element-cfac5ec\" data-id=\"cfac5ec\" data-element_type=\"column\" data-e-type=\"column\">\n\t\t\t<div class=\"elementor-widget-wrap elementor-element-populated\">\n\t\t\t\t\t\t<div class=\"elementor-element elementor-element-b20bca5 elementor-widget elementor-widget-image\" data-id=\"b20bca5\" data-element_type=\"widget\" data-e-type=\"widget\" data-widget_type=\"image.default\">\n\t\t\t\t<div class=\"elementor-widget-container\">\n\t\t\t\t\t\t\t\t\t\t\t\t\t\t\t<img fetchpriority=\"high\" decoding=\"async\" width=\"800\" height=\"341\" src=\"https:\/\/asp-team.com\/wp-content\/uploads\/2023\/08\/TE-Title-Contact-Us-1024x436.png\" class=\"attachment-large size-large wp-image-3379\" alt=\"\" srcset=\"https:\/\/asp-team.com\/wp-content\/uploads\/2023\/08\/TE-Title-Contact-Us-1024x436.png.webp 1024w, https:\/\/asp-team.com\/wp-content\/uploads\/2023\/08\/TE-Title-Contact-Us-300x128.png.webp 300w, https:\/\/asp-team.com\/wp-content\/uploads\/2023\/08\/TE-Title-Contact-Us-768x327.png.webp 768w, https:\/\/asp-team.com\/wp-content\/uploads\/2023\/08\/TE-Title-Contact-Us-1536x653.png.webp 1536w, https:\/\/asp-team.com\/wp-content\/uploads\/2023\/08\/TE-Title-Contact-Us-2048x871.png.webp 2048w\" sizes=\"(max-width: 800px) 100vw, 800px\" \/>\t\t\t\t\t\t\t\t\t\t\t\t\t\t\t<\/div>\n\t\t\t\t<\/div>\n\t\t\t\t<div class=\"elementor-element elementor-element-8a76989 elementor-invisible elementor-widget elementor-widget-elementskit-faq\" data-id=\"8a76989\" data-element_type=\"widget\" data-e-type=\"widget\" data-settings=\"{&quot;_animation&quot;:&quot;fadeIn&quot;}\" data-widget_type=\"elementskit-faq.default\">\n\t\t\t\t<div class=\"elementor-widget-container\">\n\t\t\t\t\t<div class=\"ekit-wid-con\" >\n                <div class=\"elementskit-single-faq elementor-repeater-item-a2d8119\">\n            <div class=\"elementskit-faq-header\">\n                <h2 class=\"elementskit-faq-title\">\u0627\u0644\u0627\u064a\u0645\u064a\u0644:<\/h2>\n            <\/div>\n            <div class=\"elementskit-faq-body\">\n                connection@asp-team.com            <\/div>\n        <\/div>\n                <div class=\"elementskit-single-faq elementor-repeater-item-7073bcb\">\n            <div class=\"elementskit-faq-header\">\n                <h2 class=\"elementskit-faq-title\">\u0627\u0644\u0645\u0648\u0628\u0627\u064a\u0644 :<\/h2>\n            <\/div>\n            <div class=\"elementskit-faq-body\">\n                28 01 063 538 90+            <\/div>\n        <\/div>\n                \n    <\/div>\t\t\t\t<\/div>\n\t\t\t\t<\/div>\n\t\t\t\t\t<\/div>\n\t\t<\/div>\n\t\t\t\t<div class=\"elementor-column elementor-col-50 elementor-top-column elementor-element elementor-element-882d285\" data-id=\"882d285\" data-element_type=\"column\" data-e-type=\"column\">\n\t\t\t<div class=\"elementor-widget-wrap elementor-element-populated\">\n\t\t\t\t\t\t<div class=\"elementor-element elementor-element-fdad08d elementor-widget elementor-widget-google_maps\" data-id=\"fdad08d\" data-element_type=\"widget\" data-e-type=\"widget\" data-widget_type=\"google_maps.default\">\n\t\t\t\t<div class=\"elementor-widget-container\">\n\t\t\t\t\t\t\t<div class=\"elementor-custom-embed\">\n\t\t\t<iframe loading=\"lazy\"\n\t\t\t\t\tsrc=\"https:\/\/maps.google.com\/maps?q=%C4%B0ncili%20P%C4%B1nar%2C%20Nail%20Bilen%20Cd.%20No%3A3%2C%2027090%20%C5%9Eehitkamil%2FGaziantep&#038;t=m&#038;z=14&#038;output=embed&#038;iwloc=near\"\n\t\t\t\t\ttitle=\"\u0130ncili P\u0131nar, Nail Bilen Cd. No:3, 27090 \u015eehitkamil\/Gaziantep\"\n\t\t\t\t\taria-label=\"\u0130ncili P\u0131nar, Nail Bilen Cd. No:3, 27090 \u015eehitkamil\/Gaziantep\"\n\t\t\t><\/iframe>\n\t\t<\/div>\n\t\t\t\t\t\t<\/div>\n\t\t\t\t<\/div>\n\t\t\t\t<div class=\"elementor-element elementor-element-5f23017 elementor-align-start elementor-icon-list--layout-traditional elementor-list-item-link-full_width elementor-widget elementor-widget-icon-list\" data-id=\"5f23017\" data-element_type=\"widget\" data-e-type=\"widget\" data-widget_type=\"icon-list.default\">\n\t\t\t\t<div class=\"elementor-widget-container\">\n\t\t\t\t\t\t\t<ul class=\"elementor-icon-list-items\">\n\t\t\t\t\t\t\t<li class=\"elementor-icon-list-item\">\n\t\t\t\t\t\t\t\t\t\t\t<span class=\"elementor-icon-list-icon\">\n\t\t\t\t\t\t\t<i aria-hidden=\"true\" class=\"icon icon-map-marker1\"><\/i>\t\t\t\t\t\t<\/span>\n\t\t\t\t\t\t\t\t\t\t<span class=\"elementor-icon-list-text\">\u0130NC\u0130L\u0130 PINAR MAH. GAZ\u0130 MUHTAR PA\u015eA BLV. HALICIAR S\u0130TES\u0130 NO: 34 \u0130\u00c7 KAPI NO: 197 \u015eEH\u0130TKAM\u0130L\/ GAZ\u0130ANTEP<\/span>\n\t\t\t\t\t\t\t\t\t<\/li>\n\t\t\t\t\t\t<\/ul>\n\t\t\t\t\t\t<\/div>\n\t\t\t\t<\/div>\n\t\t\t\t\t<\/div>\n\t\t<\/div>\n\t\t\t\t\t<\/div>\n\t\t<\/section>\n\t\t\t\t<\/div>\n\t\t","protected":false},"excerpt":{"rendered":"<p>\u0627\u0644\u0627\u064a\u0645\u064a\u0644: connection@asp-team.com \u0627\u0644\u0645\u0648\u0628\u0627\u064a\u0644 : 28 01 063 538 90+ \u0130NC\u0130L\u0130 PINAR MAH. GAZ\u0130 MUHTAR PA\u015eA BLV. HALICIAR S\u0130TES\u0130 NO: 34 \u0130\u00c7 KAPI NO: 197 \u015eEH\u0130TKAM\u0130L\/ GAZ\u0130ANTEP<\/p>\n","protected":false},"author":1,"featured_media":0,"parent":0,"menu_order":0,"comment_status":"closed","ping_status":"closed","template":"elementor_header_footer","meta":{"footnotes":""},"class_list":["post-3392","page","type-page","status-publish","hentry"],"_links":{"self":[{"href":"https:\/\/asp-team.com\/ar\/wp-json\/wp\/v2\/pages\/3392","targetHints":{"allow":["GET"]}}],"collection":[{"href":"https:\/\/asp-team.com\/ar\/wp-json\/wp\/v2\/pages"}],"about":[{"href":"https:\/\/asp-team.com\/ar\/wp-json\/wp\/v2\/types\/page"}],"author":[{"embeddable":true,"href":"https:\/\/asp-team.com\/ar\/wp-json\/wp\/v2\/users\/1"}],"replies":[{"embeddable":true,"href":"https:\/\/asp-team.com\/ar\/wp-json\/wp\/v2\/comments?post=3392"}],"version-history":[{"count":11,"href":"https:\/\/asp-team.com\/ar\/wp-json\/wp\/v2\/pages\/3392\/revisions"}],"predecessor-version":[{"id":3405,"href":"https:\/\/asp-team.com\/ar\/wp-json\/wp\/v2\/pages\/3392\/revisions\/3405"}],"wp:attachment":[{"href":"https:\/\/asp-team.com\/ar\/wp-json\/wp\/v2\/media?parent=3392"}],"curies":[{"name":"wp","href":"https:\/\/api.w.org\/{rel}","templated":true}]}}